{"id":63,"date":"2019-04-26T09:03:19","date_gmt":"2019-04-26T09:03:19","guid":{"rendered":"https:\/\/nicole37.fr\/auteur\/?page_id=63"},"modified":"2019-04-26T09:03:19","modified_gmt":"2019-04-26T09:03:19","slug":"pourquoi-ce-site","status":"publish","type":"page","link":"https:\/\/auteur.nicole37.fr\/index.php\/pourquoi-ce-site\/","title":{"rendered":"POURQUOI CE SITE ?"},"content":{"rendered":"\n<p> Mon premier livre s&rsquo;intitulant \u00ab\u00a0Tourangelle de Souche\u00a0\u00bb est paru en avril 2016. Ce livre est en effet une biographie, \u00e9tant n\u00e9e \u00e0 Tours, mais je parle de mon village o\u00f9 je demeure. <\/p>\n\n\n\n<p>De l\u00e0, l&rsquo;envie de faire d&rsquo;autres livres m&rsquo;est apparu et c&rsquo;est pour cela que j&rsquo;ai fait celui de notre chien \u00ab\u00a0Eliot\u00a0\u00bb adopt\u00e9 et venant de la SPA. Puis aimant la photo, de cr\u00e9er aussi un livre \u00ab\u00a0Sur mes plus belles photos\u00a0\u00bb.<\/p>\n\n\n\n<p>Mais comme suite au premier livre, beaucoup de personnes m&rsquo;ont demand\u00e9 si je ferais une suite, car je parlais un peu du village actuel, j&rsquo;ai pens\u00e9 judicieux de continuer sur ma lanc\u00e9e et de profiter de l&rsquo;\u00e9volution de mon village qui \u00e9tait en pleine \u00e9volution : Construction\/extension.&nbsp;<\/p>\n\n\n\n<p>Ce qui est fait puisque celui-ci vient de para\u00eetre sur le site \u00ab\u00a0ThebookEdition\u00a0\u00bb. Comme titre \u00ab\u00a0Histoire de Neuill\u00e9-Pont-Pierre : village en pleine expansion\u00a0\u00bb.<\/p>\n","protected":false},"excerpt":{"rendered":"<p>Mon premier livre s&rsquo;intitulant \u00ab\u00a0Tourangelle de Souche\u00a0\u00bb est paru en avril 2016. Ce livre est en effet une biographie, \u00e9tant n\u00e9e \u00e0 Tours, mais je parle de mon village o\u00f9 je demeure. De l\u00e0, l&rsquo;envie de faire d&rsquo;autres livres m&rsquo;est apparu et c&rsquo;est pour cela que j&rsquo;ai fait celui de notre chien \u00ab\u00a0Eliot\u00a0\u00bb adopt\u00e9 et &hellip; <a href=\"https:\/\/auteur.nicole37.fr\/index.php\/pourquoi-ce-site\/\" class=\"more-link\">Continuer la lecture<span class=\"screen-reader-text\"> de &laquo;&nbsp;POURQUOI CE SITE ?&nbsp;&raquo;<\/span><\/a><\/p>\n","protected":false},"author":1,"featured_media":0,"parent":0,"menu_order":0,"comment_status":"closed","ping_status":"closed","template":"","meta":{"footnotes":""},"class_list":["post-63","page","type-page","status-publish","hentry"],"_links":{"self":[{"href":"https:\/\/auteur.nicole37.fr\/index.php\/wp-json\/wp\/v2\/pages\/63","targetHints":{"allow":["GET"]}}],"collection":[{"href":"https:\/\/auteur.nicole37.fr\/index.php\/wp-json\/wp\/v2\/pages"}],"about":[{"href":"https:\/\/auteur.nicole37.fr\/index.php\/wp-json\/wp\/v2\/types\/page"}],"author":[{"embeddable":true,"href":"https:\/\/auteur.nicole37.fr\/index.php\/wp-json\/wp\/v2\/users\/1"}],"replies":[{"embeddable":true,"href":"https:\/\/auteur.nicole37.fr\/index.php\/wp-json\/wp\/v2\/comments?post=63"}],"version-history":[{"count":0,"href":"https:\/\/auteur.nicole37.fr\/index.php\/wp-json\/wp\/v2\/pages\/63\/revisions"}],"wp:attachment":[{"href":"https:\/\/auteur.nicole37.fr\/index.php\/wp-json\/wp\/v2\/media?parent=63"}],"curies":[{"name":"wp","href":"https:\/\/api.w.org\/{rel}","templated":true}]}}